{"id":75,"date":"2024-10-09T21:11:24","date_gmt":"2024-10-09T21:11:24","guid":{"rendered":"https:\/\/dolejsz.hosting24.pl\/marcin\/?page_id=75"},"modified":"2025-09-24T15:01:53","modified_gmt":"2025-09-24T15:01:53","slug":"75-2","status":"publish","type":"page","link":"https:\/\/help.dolejsz.pl\/","title":{"rendered":""},"content":{"rendered":"\n<div class=\"wp-block-columns is-layout-flex wp-container-core-columns-is-layout-9d6595d7 wp-block-columns-is-layout-flex\">\n<div class=\"wp-block-column is-layout-flow wp-block-column-is-layout-flow\">\n<p><strong>Witaj! Je\u015bli trafi\u0142e\u015b na t\u0119 stron\u0119, oznacza to, \u017ce znalaz\u0142e\u015b m\u00f3j przedmiot, co\u015b mi si\u0119 sta\u0142o lub mojemu psu.<\/strong><\/p>\n\n\n\n<h2 class=\"wp-block-heading\"><strong>Informacje o mnie<\/strong><\/h2>\n\n\n\n<ul class=\"wp-block-list\">\n<li>Nazywam si\u0119: Marcin Dolejsz<\/li>\n\n\n\n<li>M\u00f3j numer telefonu: +48 509721056<\/li>\n\n\n\n<li>M\u00f3j email: mdolejsz@gmail.com (Je\u015bli znalaz\u0142e\u015b m\u00f3j telefon prosz\u0119 napisz na ten adres)<\/li>\n\n\n\n<li>M\u00f3j adres zamieszkania: Polska, 01-494 Warszawa, ul. Edmunda Osma\u0144czyka 12\/307<\/li>\n<\/ul>\n\n\n\n<p>Je\u015bli co\u015b&nbsp;mi si\u0119&nbsp;sta\u0142o, prosz\u0119&nbsp;skontaktuj si\u0119&nbsp;z tymi osobami:<\/p>\n\n\n\n<ul class=\"wp-block-list\">\n<li>M\u00f3j ojciec: Witold Dolejsz +48 509721056, <\/li>\n\n\n\n<li>Moja matka: El\u017cbieta Dolejsz + 48 505956050<\/li>\n\n\n\n<li>M\u00f3j przyjaciel: Jacek tel.: +48 660435600<\/li>\n<\/ul>\n\n\n\n<h2 class=\"wp-block-heading\"><strong>Informacje o moim psie<\/strong><\/h2>\n\n\n\n<ul class=\"wp-block-list\">\n<li>Rasa: wy\u017ce\u0142 w\u0119gierski, suczka<\/li>\n\n\n\n<li>Imi\u0119: \u015aruba<\/li>\n\n\n\n<li>Numer chipa: 616093900929271<\/li>\n<\/ul>\n\n\n\n<p>Je\u015bli co\u015b\u00a0mi si\u0119\u00a0sta\u0142o, skontaktuj si\u0119\u00a0z tymi osobami i przeka\u017c im psa:<\/p>\n\n\n\n<ul class=\"wp-block-list\">\n<li>Anna, Warszawa tel.: +48 882916788 (w pierwszej kolejno\u015bci)<\/li>\n\n\n\n<li>Agnieszka, Warszawa tel.: +48 608828081 (opcjonalnie)<\/li>\n<\/ul>\n\n\n\n<h2 class=\"wp-block-heading\"><strong>Tak wygl\u0105damy<\/strong><\/h2>\n\n\n\n<figure class=\"wp-block-image size-large\"><img loading=\"lazy\" decoding=\"async\" width=\"1024\" height=\"768\" src=\"https:\/\/help.dolejsz.pl\/wp-content\/uploads\/2024\/10\/M-D-1024x768.webp\" alt=\"\" class=\"wp-image-48\" srcset=\"https:\/\/help.dolejsz.pl\/wp-content\/uploads\/2024\/10\/M-D-1024x768.webp 1024w, https:\/\/help.dolejsz.pl\/wp-content\/uploads\/2024\/10\/M-D-300x225.webp 300w, https:\/\/help.dolejsz.pl\/wp-content\/uploads\/2024\/10\/M-D-768x576.webp 768w, https:\/\/help.dolejsz.pl\/wp-content\/uploads\/2024\/10\/M-D.webp 1200w\" sizes=\"auto, (max-width: 1024px) 100vw, 1024px\" \/><\/figure>\n<\/div>\n\n\n\n<div class=\"wp-block-column is-layout-flow wp-block-column-is-layout-flow\">\n<p><strong>Hello! If you&#8217;ve come to this page, it means you&#8217;ve found my item, something happened to me or my dog.<\/strong><\/p>\n\n\n\n<h2 class=\"wp-block-heading\"><strong>Information about me<\/strong><\/h2>\n\n\n\n<ul class=\"wp-block-list\">\n<li>My name is: Marcin Dolejsz<\/li>\n\n\n\n<li>My phone number: +48 509721056<\/li>\n\n\n\n<li>My email: mdolejsz@gmail.com (if you found my phone please write to this address)<\/li>\n\n\n\n<li>My address of residence: Poland, 01-494 Warsaw, ul.Edmunda Osma\u0144czyka 12\/307<\/li>\n<\/ul>\n\n\n\n<p>If something has happened to me, please contact these people:<\/p>\n\n\n\n<ul class=\"wp-block-list\">\n<li>My father: Witold Dolejsz +48 509721056,<\/li>\n\n\n\n<li>My mother: El\u017cbieta Dolejsz + 48 505956050<\/li>\n\n\n\n<li>My friend: Jacek tel: +48 660435600<\/li>\n<\/ul>\n\n\n\n<h2 class=\"wp-block-heading\"><strong>Information about my dog<\/strong><\/h2>\n\n\n\n<ul class=\"wp-block-list\">\n<li>Breed: Hungarian gelding, female<\/li>\n\n\n\n<li>Name: \u015aruba<\/li>\n\n\n\n<li>Chip number: 616093900929271<\/li>\n<\/ul>\n\n\n\n<p>If something has happened to me, please contact these people:<\/p>\n\n\n\n<ul class=\"wp-block-list\">\n<li>Anna, Poland &#8211; Warsaw, tel: +48 882916788<\/li>\n\n\n\n<li>Kinga, Poland &#8211; Warsaw, tel: +48 790463620<\/li>\n\n\n\n<li>Agnieszka, Poland &#8211; Warsaw tel.: +48 608828081<\/li>\n<\/ul>\n<\/div>\n<\/div>\n","protected":false},"excerpt":{"rendered":"<p>Witaj! Je\u015bli trafi\u0142e\u015b na t\u0119 stron\u0119, oznacza to, \u017ce znalaz\u0142e\u015b m\u00f3j przedmiot, co\u015b mi si\u0119 sta\u0142o lub mojemu psu. Informacje o mnie Je\u015bli co\u015b&nbsp;mi si\u0119&nbsp;sta\u0142o, prosz\u0119&nbsp;skontaktuj si\u0119&nbsp;z tymi osobami: Informacje o moim psie Je\u015bli co\u015b\u00a0mi si\u0119\u00a0sta\u0142o, skontaktuj si\u0119\u00a0z tymi osobami i przeka\u017c im psa: Tak wygl\u0105damy Hello! If you&#8217;ve come to this page, it means &#8230; <a title=\"\" class=\"read-more\" href=\"https:\/\/help.dolejsz.pl\/\" aria-label=\"Dowiedz si\u0119 wi\u0119cej o \">Dowiedz si\u0119 wi\u0119cej<\/a><\/p>\n","protected":false},"author":1,"featured_media":0,"parent":0,"menu_order":0,"comment_status":"closed","ping_status":"closed","template":"","meta":{"footnotes":""},"class_list":["post-75","page","type-page","status-publish"],"_links":{"self":[{"href":"https:\/\/help.dolejsz.pl\/index.php\/wp-json\/wp\/v2\/pages\/75","targetHints":{"allow":["GET"]}}],"collection":[{"href":"https:\/\/help.dolejsz.pl\/index.php\/wp-json\/wp\/v2\/pages"}],"about":[{"href":"https:\/\/help.dolejsz.pl\/index.php\/wp-json\/wp\/v2\/types\/page"}],"author":[{"embeddable":true,"href":"https:\/\/help.dolejsz.pl\/index.php\/wp-json\/wp\/v2\/users\/1"}],"replies":[{"embeddable":true,"href":"https:\/\/help.dolejsz.pl\/index.php\/wp-json\/wp\/v2\/comments?post=75"}],"version-history":[{"count":4,"href":"https:\/\/help.dolejsz.pl\/index.php\/wp-json\/wp\/v2\/pages\/75\/revisions"}],"predecessor-version":[{"id":83,"href":"https:\/\/help.dolejsz.pl\/index.php\/wp-json\/wp\/v2\/pages\/75\/revisions\/83"}],"wp:attachment":[{"href":"https:\/\/help.dolejsz.pl\/index.php\/wp-json\/wp\/v2\/media?parent=75"}],"curies":[{"name":"wp","href":"https:\/\/api.w.org\/{rel}","templated":true}]}}